{"id":4113,"date":"2020-07-02T23:12:41","date_gmt":"2020-07-02T23:12:41","guid":{"rendered":"http:\/\/zeconzeta.bksolutionsonline.es\/aviso-legal\/"},"modified":"2020-07-04T18:19:06","modified_gmt":"2020-07-04T18:19:06","slug":"legal","status":"publish","type":"page","link":"https:\/\/zeconzeta.com\/en\/legal\/","title":{"rendered":"Legal"},"content":{"rendered":"<p>[vc_row type=&#8221;boxed&#8221; css=&#8221;.vc_custom_1593731357857{padding-top: 50px !important;}&#8221;][vc_column width=&#8221;1\/6&#8243;][\/vc_column][vc_column width=&#8221;4\/6&#8243;][vc_custom_heading text=&#8221;Aviso legal&#8221; font_container=&#8221;tag:h1|text_align:left&#8221; use_theme_fonts=&#8221;yes&#8221;][vc_empty_space][vc_column_text]Este portal, cuyo titular es ZE&#8230;conzeta ESPA\u00d1A, S.A. con CIF B82956178, domicilio en la calle C\/ Imperial n\u00ba6 &#8211; 1\u00ba.28012 Madrid. Espa\u00f1a. , y tel\u00e9fono +34 91 366 04 50, est\u00e1 constituido por los sitios web asociados a los dominios http:\/\/zeconzeta.es y http:\/\/zeconzeta.com,<br \/>\nPropiedad intelectual e industrial<br \/>\nEl dise\u00f1o del portal y sus c\u00f3digos fuente, as\u00ed como los logos, marcas y dem\u00e1s signos distintivos que aparecen en el mismo pertenecen a ZE&#8230;conzeta y est\u00e1n protegidos por los correspondientes derechos de propiedad intelectual e industrial.<br \/>\nResponsabilidad de los contenidos<br \/>\nZE&#8230;conzeta no se hace responsable de la legalidad de otros sitios web de terceros desde los que pueda accederse al portal. ZE&#8230;conzeta tampoco responde por la legalidad de otros sitios web de terceros, que pudieran estar vinculados o enlazados desde este portal.<br \/>\nZE&#8230;conzeta se reserva el derecho a realizar cambios en el sitio web sin previo aviso, al objeto de mantener actualizada su informaci\u00f3n, a\u00f1adiendo, modificando, corrigiendo o eliminando los contenidos publicados o el dise\u00f1o del portal.<br \/>\nZE&#8230;conzeta no ser\u00e1 responsable del uso que terceros hagan de la informaci\u00f3n publicada en el portal, ni tampoco de los da\u00f1os sufridos o p\u00e9rdidas econ\u00f3micas que, de forma directa o indirecta, produzcan o puedan producir perjuicios econ\u00f3micos, materiales o sobre datos, provocados por el uso de dicha informaci\u00f3n.<br \/>\nReproducci\u00f3n de contenidos<br \/>\nSe proh\u00edbe la reproducci\u00f3n total o parcial de los contenidos publicados en el portal. No obstante, los contenidos que sean considerados como datos abiertos en la Sede Electr\u00f3nica, publicados seg\u00fan lo previsto en el Real Decreto 1495\/2011, de 24 de octubre, de desarrollo de la Ley 37\/2007, sobre reutilizaci\u00f3n de la informaci\u00f3n del sector p\u00fablico, para el \u00e1mbito del sector p\u00fablico estatal, podr\u00e1n ser objeto de reproducci\u00f3n en los t\u00e9rminos contenidos en el siguiente Aviso.<br \/>\nRegistro General de Protecci\u00f3n de Datos<br \/>\nLa informaci\u00f3n sobre ficheros inscritos en el Registro General de Protecci\u00f3n de Datos se publica de acuerdo con lo previsto en el art\u00edculo 14 de la Ley Org\u00e1nica 15\/1999, de 13 de diciembre, de Protecci\u00f3n de Datos de Car\u00e1cter Personal (LOPD).<br \/>\nLa reproducci\u00f3n total o parcial, incluso el volcado del contenido del Registro a cualquier soporte, exigir\u00e1 la expresa autorizaci\u00f3n de ZE&#8230;conzeta.<br \/>\nLos datos de car\u00e1cter personal incluidos en el Registro no podr\u00e1n ser objeto de tratamiento, ni usarse para finalidades distintas a la de esta publicaci\u00f3n.<br \/>\nSede Electr\u00f3nica<br \/>\nDe acuerdo con lo establecido por el art\u00edculo 7 del Real Decreto 1671\/2009, de 6 de noviembre, por el que se desarrolla parcialmente la Ley 11\/2007, de 22 de junio, de acceso electr\u00f3nico de los ciudadanos a los servicios p\u00fablicos, ZE&#8230;conzeta se responsabiliza de la integridad, veracidad y actualizaci\u00f3n de la informaci\u00f3n y los servicios a los que pueda accederse a trav\u00e9s de su Sede Electr\u00f3nica.<br \/>\nPortal de transparencia<br \/>\nA trav\u00e9s de la informaci\u00f3n publicada en el portal de transparencia, ZE&#8230;conzeta atiende de forma peri\u00f3dica y actualizada el principio de publicidad activa establecido por la Ley 19\/2013, de 9 de diciembre, de transparencia, acceso a la informaci\u00f3n p\u00fablica y buen gobierno, con los mecanismos adecuados para facilitar la accesibilidad, la interoperabilidad, la calidad y la reutilizaci\u00f3n de la informaci\u00f3n, as\u00ed como su identificaci\u00f3n y localizaci\u00f3n.<br \/>\nLey aplicable<br \/>\nLa ley aplicable en caso de disputa o conflicto de interpretaci\u00f3n de los t\u00e9rminos que conforman este aviso legal, as\u00ed como cualquier cuesti\u00f3n relacionada con los servicios del presente portal, ser\u00e1 la ley espa\u00f1ola.[\/vc_column_text][\/vc_column][vc_column width=&#8221;1\/6&#8243;][\/vc_column][\/vc_row]<\/p>\n","protected":false},"excerpt":{"rendered":"<p>[vc_row type=&#8221;boxed&#8221; css=&#8221;.vc_custom_1593731357857{padding-top: 50px !important;}&#8221;][vc_column width=&#8221;1\/6&#8243;][\/vc_column][vc_column width=&#8221;4\/6&#8243;][vc_custom_heading text=&#8221;Aviso legal&#8221; font_container=&#8221;tag:h1|text_align:left&#8221; use_theme_fonts=&#8221;yes&#8221;][vc_empty_space][vc_column_text]Este portal, cuyo titular es ZE&#8230;conzeta ESPA\u00d1A, S.A. con CIF B82956178, domicilio en la calle C\/ Imperial n\u00ba6 &#8211; 1\u00ba.28012 Madrid. Espa\u00f1a. , y tel\u00e9fono +34 91 366 04 50, est\u00e1 constituido por los sitios web asociados a los dominios http:\/\/zeconzeta.es y http:\/\/zeconzeta.com, Propiedad intelectual &hellip;<\/p>\n","protected":false},"author":1,"featured_media":0,"parent":0,"menu_order":0,"comment_status":"closed","ping_status":"closed","template":"","meta":{"footnotes":""},"_links":{"self":[{"href":"https:\/\/zeconzeta.com\/en\/wp-json\/wp\/v2\/pages\/4113"}],"collection":[{"href":"https:\/\/zeconzeta.com\/en\/wp-json\/wp\/v2\/pages"}],"about":[{"href":"https:\/\/zeconzeta.com\/en\/wp-json\/wp\/v2\/types\/page"}],"author":[{"embeddable":true,"href":"https:\/\/zeconzeta.com\/en\/wp-json\/wp\/v2\/users\/1"}],"replies":[{"embeddable":true,"href":"https:\/\/zeconzeta.com\/en\/wp-json\/wp\/v2\/comments?post=4113"}],"version-history":[{"count":2,"href":"https:\/\/zeconzeta.com\/en\/wp-json\/wp\/v2\/pages\/4113\/revisions"}],"predecessor-version":[{"id":4115,"href":"https:\/\/zeconzeta.com\/en\/wp-json\/wp\/v2\/pages\/4113\/revisions\/4115"}],"wp:attachment":[{"href":"https:\/\/zeconzeta.com\/en\/wp-json\/wp\/v2\/media?parent=4113"}],"curies":[{"name":"wp","href":"https:\/\/api.w.org\/{rel}","templated":true}]}}