{"id":4118,"date":"2020-07-02T23:01:02","date_gmt":"2020-07-02T23:01:02","guid":{"rendered":"http:\/\/zeconzeta.bksolutionsonline.es\/politica-de-privacidad\/"},"modified":"2020-07-04T18:22:49","modified_gmt":"2020-07-04T18:22:49","slug":"privacy-policy","status":"publish","type":"page","link":"https:\/\/zeconzeta.com\/en\/privacy-policy\/","title":{"rendered":"Privacy Policy"},"content":{"rendered":"<p>[vc_row type=&#8221;boxed&#8221; css=&#8221;.vc_custom_1593731357857{padding-top: 50px !important;}&#8221;][vc_column width=&#8221;1\/6&#8243;][\/vc_column][vc_column width=&#8221;4\/6&#8243;][vc_custom_heading text=&#8221;Pol\u00edtica de privacidad&#8221; font_container=&#8221;tag:h1|text_align:left&#8221; use_theme_fonts=&#8221;yes&#8221;][vc_empty_space][vc_column_text]A trav\u00e9s de este sitio web no se recaban datos de car\u00e1cter personal de los usuarios sin su conocimiento, ni se ceden a terceros.<br \/>\nCon la finalidad de ofrecerle el mejor servicio y con el objeto de facilitar el uso, se analizan el n\u00famero de p\u00e1ginas visitadas, el n\u00famero de visitas, as\u00ed como la actividad de los visitantes y su frecuencia de utilizaci\u00f3n. A estos efectos, ZE&#8230;conzeta utiliza la informaci\u00f3n estad\u00edstica elaborada por el Proveedor de Servicios de Internet.<br \/>\nZE&#8230;conzeta no utiliza cookies para recoger informaci\u00f3n de los usuarios, ni registra las direcciones IP de acceso. \u00danicamente se utilizan cookies propias, de sesi\u00f3n, con finalidad t\u00e9cnica (aquellas que permiten al usuario la navegaci\u00f3n a trav\u00e9s del sitio web y la utilizaci\u00f3n de las diferentes opciones y servicios que en ella existen).<br \/>\nEl portal del que es titular ZE&#8230;conzeta contiene enlaces a sitios web de terceros, cuyas pol\u00edticas de privacidad son ajenas a la de ZE&#8230;conzeta. Al acceder a tales sitios web usted puede decidir si acepta sus pol\u00edticas de privacidad y de cookies. Con car\u00e1cter general, si navega por internet usted puede aceptar o rechazar las cookies de terceros desde las opciones de configuraci\u00f3n de su navegador.<br \/>\nEn cumplimiento de lo previsto por el art\u00edculo 5 de la LOPD, se informa que los datos de car\u00e1cter personal que se recaban directamente del usuario a trav\u00e9s de los distintos recursos disponibles en el portal, ser\u00e1n tratados de forma confidencial y quedar\u00e1n incorporados a los respectivos ficheros de los que es responsable ZE&#8230;conzeta, con las finalidades que se detallan en el Registro General de Protecci\u00f3n de Datos no siendo utilizados para finalidades incompatibles con estas. Los datos recabados podr\u00e1n ser cedidos en los casos previstos, para cada fichero, en dicho Registro.<br \/>\nLos afectados pueden ejercitar los derechos de acceso, rectificaci\u00f3n, cancelaci\u00f3n y oposici\u00f3n ante ZE&#8230;conzeta, mediante escrito dirigido a su Secretar\u00eda General, en la calle C\/ Imperial n\u00ba6 &#8211; 1\u00ba.28012 Madrid. Espa\u00f1a.[\/vc_column_text][\/vc_column][vc_column width=&#8221;1\/6&#8243;][\/vc_column][\/vc_row]<\/p>\n","protected":false},"excerpt":{"rendered":"<p>[vc_row type=&#8221;boxed&#8221; css=&#8221;.vc_custom_1593731357857{padding-top: 50px !important;}&#8221;][vc_column width=&#8221;1\/6&#8243;][\/vc_column][vc_column width=&#8221;4\/6&#8243;][vc_custom_heading text=&#8221;Pol\u00edtica de privacidad&#8221; font_container=&#8221;tag:h1|text_align:left&#8221; use_theme_fonts=&#8221;yes&#8221;][vc_empty_space][vc_column_text]A trav\u00e9s de este sitio web no se recaban datos de car\u00e1cter personal de los usuarios sin su conocimiento, ni se ceden a terceros. Con la finalidad de ofrecerle el mejor servicio y con el objeto de facilitar el uso, se analizan el n\u00famero &hellip;<\/p>\n","protected":false},"author":1,"featured_media":0,"parent":0,"menu_order":0,"comment_status":"closed","ping_status":"closed","template":"templates\/page-full.php","meta":{"footnotes":""},"_links":{"self":[{"href":"https:\/\/zeconzeta.com\/en\/wp-json\/wp\/v2\/pages\/4118"}],"collection":[{"href":"https:\/\/zeconzeta.com\/en\/wp-json\/wp\/v2\/pages"}],"about":[{"href":"https:\/\/zeconzeta.com\/en\/wp-json\/wp\/v2\/types\/page"}],"author":[{"embeddable":true,"href":"https:\/\/zeconzeta.com\/en\/wp-json\/wp\/v2\/users\/1"}],"replies":[{"embeddable":true,"href":"https:\/\/zeconzeta.com\/en\/wp-json\/wp\/v2\/comments?post=4118"}],"version-history":[{"count":1,"href":"https:\/\/zeconzeta.com\/en\/wp-json\/wp\/v2\/pages\/4118\/revisions"}],"predecessor-version":[{"id":4119,"href":"https:\/\/zeconzeta.com\/en\/wp-json\/wp\/v2\/pages\/4118\/revisions\/4119"}],"wp:attachment":[{"href":"https:\/\/zeconzeta.com\/en\/wp-json\/wp\/v2\/media?parent=4118"}],"curies":[{"name":"wp","href":"https:\/\/api.w.org\/{rel}","templated":true}]}}